{"id":74,"date":"2025-05-06T18:20:22","date_gmt":"2025-05-06T16:20:22","guid":{"rendered":"https:\/\/emiliecayerhuard.com\/?page_id=74"},"modified":"2026-03-20T17:42:43","modified_gmt":"2026-03-20T16:42:43","slug":"services","status":"publish","type":"page","link":"https:\/\/emiliecayerhuard.com\/fr\/services\/","title":{"rendered":"Services et prestations"},"content":{"rendered":"<figure class=\"wp-block-image size-full\"><img data-recalc-dims=\"1\" loading=\"lazy\" decoding=\"async\" width=\"481\" height=\"430\" data-attachment-id=\"173\" data-permalink=\"https:\/\/emiliecayerhuard.com\/fr\/claree\/\" data-orig-file=\"https:\/\/i0.wp.com\/emiliecayerhuard.com\/wp-content\/uploads\/2026\/03\/claree.jpg?fit=481%2C430&amp;ssl=1\" data-orig-size=\"481,430\" data-comments-opened=\"1\" data-image-meta=\"{&quot;aperture&quot;:&quot;0&quot;,&quot;credit&quot;:&quot;&quot;,&quot;camera&quot;:&quot;&quot;,&quot;caption&quot;:&quot;&quot;,&quot;created_timestamp&quot;:&quot;1774024100&quot;,&quot;copyright&quot;:&quot;&quot;,&quot;focal_length&quot;:&quot;0&quot;,&quot;iso&quot;:&quot;0&quot;,&quot;shutter_speed&quot;:&quot;0&quot;,&quot;title&quot;:&quot;&quot;,&quot;orientation&quot;:&quot;0&quot;}\" data-image-title=\"claree\" data-image-description=\"\" data-image-caption=\"\" data-large-file=\"https:\/\/i0.wp.com\/emiliecayerhuard.com\/wp-content\/uploads\/2026\/03\/claree.jpg?fit=481%2C430&amp;ssl=1\" src=\"https:\/\/i0.wp.com\/emiliecayerhuard.com\/wp-content\/uploads\/2026\/03\/claree.jpg?resize=481%2C430&#038;ssl=1\" alt=\"\" class=\"wp-image-173\" srcset=\"https:\/\/i0.wp.com\/emiliecayerhuard.com\/wp-content\/uploads\/2026\/03\/claree.jpg?w=481&amp;ssl=1 481w, https:\/\/i0.wp.com\/emiliecayerhuard.com\/wp-content\/uploads\/2026\/03\/claree.jpg?resize=300%2C268&amp;ssl=1 300w, https:\/\/i0.wp.com\/emiliecayerhuard.com\/wp-content\/uploads\/2026\/03\/claree.jpg?resize=13%2C12&amp;ssl=1 13w\" sizes=\"auto, (max-width: 481px) 100vw, 481px\" \/><\/figure>\n\n\n\n<p class=\"wp-block-paragraph\"><strong>D\u00e9veloppement touristique territorial durable<\/strong><br>Mon approche en mati\u00e8re de planification strat\u00e9gique du d\u00e9veloppement touristique est toujours ancr\u00e9e dans les valeurs du territoire. Elle int\u00e8gre les principes du tourisme r\u00e9g\u00e9n\u00e9rateur et s'aligne avec les diff\u00e9rents niveaux de sch\u00e9mas et plans strat\u00e9giques pour maximiser l'impact.\nNous travaillerons ensemble pour mobiliser, concerter et engager les acteurs du territoire, les partenaires et les parties prenantes. Ensemble, nous d\u00e9velopperons une vision collective \u00e0 long terme pour votre destination. Nous \u00e9laborerons un plan ambitieux mais concret, que vous pourrez mettre en \u0153uvre avec confiance.<\/p>\n\n\n\n<p class=\"wp-block-paragraph\"><strong>D\u00e9marche de tourisme durable et certification<\/strong><br>Je peux vous aider \u00e0 \u00e9valuer o\u00f9 en est votre destination, votre entreprise ou votre organisation dans votre parcours vers la durabilit\u00e9. Je vous accompagnerai dans la d\u00e9finition d'objectifs r\u00e9alistes et adapt\u00e9s \u00e0 vos moyens et ressources, et dans l'\u00e9laboration d'un plan d'action concret pour les atteindre.\nJe peux vous guider dans la mise en place d'indicateurs de performance pertinents et dans la cr\u00e9ation de rapports \u00e0 fort impact, qui renforceront votre r\u00e9putation et la confiance de vos visiteurs. Et surtout, je peux vous aider \u00e0 construire un processus collaboratif pour mobiliser votre \u00e9quipe, vos partenaires et vos parties prenantes.\nDans ma d\u00e9marche, je m'appuie sur les standards et cadres r\u00e9f\u00e9rentiels internationaux reconnus, notamment les Objectifs de D\u00e9veloppement Durable des Nations Unies et les Crit\u00e8res du Global Sustainable Tourism Council pour les entreprises et les destinations.<\/p>\n\n\n\n<p class=\"wp-block-paragraph\"><strong>D\u00e9veloppement d'exp\u00e9riences touristiques immersives<\/strong><br>Les exp\u00e9riences touristiques sont l'\u00e2me de votre destination. Lorsqu'elles sont align\u00e9es avec les int\u00e9r\u00eats et les aspirations de vos visiteurs cibles, elles contribuent \u00e0 cr\u00e9er des retomb\u00e9es durables pour votre communaut\u00e9. Plus que de simples produits touristiques, les exp\u00e9riences tissent des liens \u00e9motionnels entre les visiteurs et le territoire. Elles g\u00e9n\u00e8rent des souvenirs, du bouche-\u00e0-oreille positif et des visites r\u00e9p\u00e9t\u00e9es.\nJe peux vous aider \u00e0 raconter les histoires uniques de votre entreprise, de votre destination ou de votre organisation \u00e0 travers des exp\u00e9riences touristiques inspirantes. Je vous accompagnerai \u00e0 travers les phases de recherche, d'identification des opportunit\u00e9s, d'id\u00e9ation, de sc\u00e9narisation, de tarification, de communication, de test et d'it\u00e9ration, de fa\u00e7on fluide et structur\u00e9e\u2026 et nous aurons beaucoup de plaisir en chemin.<br><\/p>\n\n\n\n<p class=\"wp-block-paragraph\"><strong>Gestion de projet<\/strong><br>Je peux m'int\u00e9grer pleinement \u00e0 votre \u00e9quipe, pour une journ\u00e9e ou pour une ann\u00e9e. Je prends en charge le cycle de vie complet de votre projet, de l'id\u00e9ation \u00e0 la c\u00e9l\u00e9bration des r\u00e9sultats. Cela comprend le d\u00e9veloppement de projet, la mise en place de partenariats, la recherche de financement, la r\u00e9daction de demandes de subventions, la gestion d'\u00e9quipe, la mesure des r\u00e9sultats et la production de rapports.\nMon approche est efficace, transparente et collaborative. Je livre des r\u00e9sultats dans les d\u00e9lais et dans le respect du budget, tout en pr\u00e9servant des relations de travail saines et constructives.<\/p>\n\n\n\n<p class=\"wp-block-paragraph\"><strong>Formation<\/strong><br>En ligne ou en pr\u00e9sentiel, j'aime cr\u00e9er du contenu p\u00e9dagogique int\u00e9ressant et pertinent. Je prends plaisir \u00e0 transmettre des connaissances qui r\u00e9sonnent avec mon public. J'accompagne les professionnels dans l'approfondissement de leur compr\u00e9hension du tourisme r\u00e9g\u00e9n\u00e9rateur, de la gestion de destination, du marketing et de la communication, ainsi que de la gouvernance.\nJ'aime \u00e9galement enseigner aux jeunes g\u00e9n\u00e9rations. Je les guide vers un secteur \u00e9conomique riche en opportunit\u00e9s et les accompagne sur la voie d'une carri\u00e8re \u00e9panouissante dans le tourisme.<\/p>\n\n\n\n<p class=\"wp-block-paragraph\">Si votre projet est de grande envergure et requiert l'accompagnement par une \u00e9quipe multi-disciplinaire, je collabore avec d'autres experts et consultants sur une base r\u00e9guli\u00e8re et peux donc cr\u00e9er une proposition personalis\u00e9e \u00e0 vos besoins. Parlons-en ensemble! <a href=\"http:\/\/www.louisebrowne.associates\">Louise Browne Associates <\/a>pour plus d'informations <\/p>\n\n\n\n<div class=\"wp-block-buttons is-content-justification-center is-layout-flex wp-container-core-buttons-is-layout-3e41869c wp-block-buttons-is-layout-flex\">\n<div class=\"wp-block-button\"><a class=\"wp-block-button__link has-text-align-center wp-element-button\" href=\"mailto:ecayerhuard@gmail.com\">Travaillons ensemble<\/a><\/div>\n<\/div>","protected":false},"excerpt":{"rendered":"<p>Destination Development &amp; Stewardship PlanningMy approach to Destination Development planning is always rooted in the community&#8217;s values. It embeds the principles of regenerative tourism. It aligns with other levels of strategic plans to maximize impact. We will work together to bring along and engage community members, partners, and stakeholders. Together, we will develop a collective<a class=\"more-link\" href=\"https:\/\/emiliecayerhuard.com\/fr\/services\/\">Lire la suite <span class=\"screen-reader-text\">&#8220;Services&#8221;<\/span><\/a><\/p>","protected":false},"author":265446481,"featured_media":139,"parent":0,"menu_order":0,"comment_status":"closed","ping_status":"closed","template":"","meta":{"_crdt_document":"","advanced_seo_description":"","jetpack_seo_html_title":"","jetpack_seo_noindex":false,"footnotes":""},"class_list":["post-74","page","type-page","status-publish","has-post-thumbnail","hentry","entry"],"jetpack_likes_enabled":true,"jetpack_sharing_enabled":true,"jetpack_shortlink":"https:\/\/wp.me\/PgvL9G-1c","jetpack-related-posts":[],"_links":{"self":[{"href":"https:\/\/emiliecayerhuard.com\/fr\/wp-json\/wp\/v2\/pages\/74","targetHints":{"allow":["GET"]}}],"collection":[{"href":"https:\/\/emiliecayerhuard.com\/fr\/wp-json\/wp\/v2\/pages"}],"about":[{"href":"https:\/\/emiliecayerhuard.com\/fr\/wp-json\/wp\/v2\/types\/page"}],"author":[{"embeddable":true,"href":"https:\/\/emiliecayerhuard.com\/fr\/wp-json\/wp\/v2\/users\/265446481"}],"replies":[{"embeddable":true,"href":"https:\/\/emiliecayerhuard.com\/fr\/wp-json\/wp\/v2\/comments?post=74"}],"version-history":[{"count":11,"href":"https:\/\/emiliecayerhuard.com\/fr\/wp-json\/wp\/v2\/pages\/74\/revisions"}],"predecessor-version":[{"id":184,"href":"https:\/\/emiliecayerhuard.com\/fr\/wp-json\/wp\/v2\/pages\/74\/revisions\/184"}],"wp:featuredmedia":[{"embeddable":true,"href":"https:\/\/emiliecayerhuard.com\/fr\/wp-json\/wp\/v2\/media\/139"}],"wp:attachment":[{"href":"https:\/\/emiliecayerhuard.com\/fr\/wp-json\/wp\/v2\/media?parent=74"}],"curies":[{"name":"wp","href":"https:\/\/api.w.org\/{rel}","templated":true}]}}